{"id":1322,"date":"2024-07-19T12:05:22","date_gmt":"2024-07-19T12:05:22","guid":{"rendered":"https:\/\/planethrc.org\/home\/"},"modified":"2025-10-28T17:46:31","modified_gmt":"2025-10-28T17:46:31","slug":"home","status":"publish","type":"page","link":"https:\/\/planethrc.org\/es\/","title":{"rendered":"Home"},"content":{"rendered":"<div class=\"wp-block-uagb-container uagb-block-494c42c4 alignfull uagb-is-root-container\"><div class=\"uagb-container-inner-blocks-wrap\">\n<div class=\"wp-block-uagb-info-box uagb-block-cd2517a4 uagb-infobox__content-wrap  uagb-infobox-icon-above-title uagb-infobox-image-valign-top wp-block-uagb-info-box--has-margin\"><div class=\"uagb-infobox-margin-wrapper\"><div class=\"uagb-ifb-content\"><div class=\"uagb-ifb-title-wrap\"><h1 class=\"uagb-ifb-title-prefix\"><br>Bienvenidos al<\/h1><h3 class=\"uagb-ifb-title\">PlanetHRC<\/h3><\/div><p class=\"uagb-ifb-desc\"><br>DEDICADOS A LA INVESTIGACI\u00d3N Y PROMOCI\u00d3N DE LA SALUD PLANETARIA<\/p><div class=\"uagb-ifb-button-wrapper wp-block-button\"><a href=\"#https:\/\/planethrc.org\/about\/\" class=\"uagb-infobox-cta-link wp-block-button__link\" target=\"_self\" rel=\"noopener noreferrer\" onclick=\"return true;\"><span class=\"uagb-inline-editing\">\u00bfQui\u00e9nes somos?<\/span><\/a><\/div><\/div><\/div><\/div>\n<\/div><\/div>\n\n\n\n<div class=\"wp-block-uagb-container uagb-block-fb32e4bf alignfull uagb-is-root-container\"><div class=\"uagb-container-inner-blocks-wrap\">\n<div class=\"wp-block-uagb-info-box uagb-block-e4f8b76a uagb-infobox__content-wrap  uagb-infobox-icon-above-title uagb-infobox-image-valign-top\"><div class=\"uagb-ifb-content\"><div class=\"uagb-ifb-title-wrap\"><h2 class=\"uagb-ifb-title\">\u00bfQu\u00e9 es Salud Planetaria?<\/h2><\/div><p class=\"uagb-ifb-desc\">\"La salud planetaria son las acciones encaminadas a preservar y potenciar todas las dimensiones del ser humano a la vez que se garantiza la persistencia del entorno biol\u00f3gico y medioambiental. La aportaci\u00f3n principal de la Salud Plantear\u00eda es la dimensi\u00f3n poli\u00e9drica y sist\u00e9mica de la acci\u00f3n. Se da vital importancia a todos los determinantes de salud, tanto los sociales, culturales y socio-econ\u00f3micos, como los f\u00edsicos, los mentales y espirituales. En una adecuada relaci\u00f3n con el entorno que lo preserve e incluso potencie su desarrollo y diversidad, enriqueciendo la vivencia del ser humano en el medio ambiente, en el planeta. D\u00e1ndonos la oportunidad a nosotros y a futuras generaciones, de desarrollar todas nuestras potencialidades en plena armon\u00eda con el entorno natural.\"<br><br><strong>\u2013 F. Javier Valbuena Ruiz<\/strong><\/p><\/div><\/div>\n<\/div><\/div>\n\n\n\n<div class=\"wp-block-uagb-advanced-heading uagb-block-2b5f3149\"><h1 class=\"uagb-heading-text\"><strong>Mensajes Importantes<\/strong><\/h1><div class=\"uagb-separator\"><\/div><\/div>\n\n\n\n<div class=\"wp-block-group is-layout-constrained wp-block-group-is-layout-constrained\">\n<figure class=\"wp-block-embed is-type-video is-provider-vimeo wp-block-embed-vimeo wp-embed-aspect-16-9 wp-has-aspect-ratio\"><div class=\"wp-block-embed__wrapper\">\n<div class=\"ast-oembed-container\" style=\"height: 100%;\"><iframe loading=\"lazy\" title=\"Video de Mar\u00eda Neira OMS\" src=\"https:\/\/player.vimeo.com\/video\/1008820212?dnt=1&amp;app_id=122963\" width=\"500\" height=\"281\" frameborder=\"0\" allow=\"autoplay; fullscreen; picture-in-picture; clipboard-write; encrypted-media; web-share\" referrerpolicy=\"strict-origin-when-cross-origin\"><\/iframe><\/div>\n<\/div><\/figure>\n\n\n\n<figure class=\"wp-block-embed is-type-video is-provider-vimeo wp-block-embed-vimeo wp-embed-aspect-16-9 wp-has-aspect-ratio\"><div class=\"wp-block-embed__wrapper\">\n<div class=\"ast-oembed-container\" style=\"height: 100%;\"><iframe loading=\"lazy\" title=\"Video de la PHA para la inauguraci\u00f3n del PlanetHRC\" src=\"https:\/\/player.vimeo.com\/video\/1011604342?dnt=1&amp;app_id=122963\" width=\"500\" height=\"281\" frameborder=\"0\" allow=\"autoplay; fullscreen; picture-in-picture; clipboard-write; encrypted-media; web-share\" referrerpolicy=\"strict-origin-when-cross-origin\"><\/iframe><\/div>\n<\/div><\/figure>\n<\/div>\n\n\n\n<div class=\"wp-block-uagb-container uagb-block-5fcee4f8 alignfull uagb-is-root-container\"><div class=\"uagb-container-inner-blocks-wrap\">\n<div class=\"wp-block-uagb-advanced-heading uagb-block-b39e30ca\"><h2 class=\"uagb-heading-text\">Nuestros Servicios<\/h2><div class=\"uagb-separator\"><\/div><\/div>\n\n\n\n<div class=\"wp-block-uagb-container uagb-block-4a8e1942\">\n<div class=\"wp-block-uagb-container uagb-block-c988f562\">\n<div class=\"wp-block-uagb-image alignleft uagb-block-a35d235b wp-block-uagb-image--layout-default wp-block-uagb-image--effect-static wp-block-uagb-image--align-left\"><figure class=\"wp-block-uagb-image__figure\"><img decoding=\"async\" srcset=\"https:\/\/planethrc.org\/wp-content\/uploads\/2024\/07\/IMG_5500-1024x768.jpg ,https:\/\/planethrc.org\/wp-content\/uploads\/2024\/07\/IMG_5500-scaled.jpg 780w, https:\/\/planethrc.org\/wp-content\/uploads\/2024\/07\/IMG_5500-scaled.jpg 360w\" sizes=\"auto, (max-width: 480px) 150px\" src=\"https:\/\/planethrc.org\/wp-content\/uploads\/2024\/07\/IMG_5500-1024x768.jpg\" alt=\"\" class=\"uag-image-2292\" width=\"373\" height=\"464\" title=\"IMG_5500\" loading=\"lazy\" role=\"img\"\/><\/figure><\/div>\n\n\n\n<div class=\"wp-block-uagb-advanced-heading uagb-block-b07219d5\"><h3 class=\"uagb-heading-text\"><a href=\"https:\/\/planethrc.org\/es\/contact\/\" title=\"\">Burocracia<\/a><\/h3><p class=\"uagb-desc-text\">Cuenta con nosotros para gestionar todos los aspectos burocr\u00e1ticos para tu estancia de investigaci\u00f3n en Ecuador <\/p><\/div>\n<\/div>\n\n\n\n<div class=\"wp-block-uagb-container uagb-block-0ad6ff4e\">\n<div class=\"wp-block-uagb-image alignleft uagb-block-930d8e85 wp-block-uagb-image--layout-default wp-block-uagb-image--effect-static wp-block-uagb-image--align-left\"><figure class=\"wp-block-uagb-image__figure\"><img decoding=\"async\" srcset=\"https:\/\/planethrc.org\/wp-content\/uploads\/2024\/07\/DJI_20231228182248_0368_D-1024x576.jpg ,https:\/\/planethrc.org\/wp-content\/uploads\/2024\/07\/DJI_20231228182248_0368_D-scaled.jpg 780w, https:\/\/planethrc.org\/wp-content\/uploads\/2024\/07\/DJI_20231228182248_0368_D-scaled.jpg 360w\" sizes=\"auto, (max-width: 480px) 150px\" src=\"https:\/\/planethrc.org\/wp-content\/uploads\/2024\/07\/DJI_20231228182248_0368_D-1024x576.jpg\" alt=\"\" class=\"uag-image-2296\" width=\"373\" height=\"464\" title=\"default\" loading=\"lazy\" role=\"img\"\/><\/figure><\/div>\n\n\n\n<div class=\"wp-block-uagb-advanced-heading uagb-block-3974de5a\"><h3 class=\"uagb-heading-text\"><a href=\"https:\/\/planethrc.org\/es\/contact\/\" title=\"\">Alojamiento y Manutenci\u00f3n<\/a><\/h3><p class=\"uagb-desc-text\">Te proveemos de alojamiento y manutenci\u00f3n en Nuevo Rocafuerte.<\/p><\/div>\n<\/div>\n\n\n\n<div class=\"wp-block-uagb-container uagb-block-48a31e6a\">\n<div class=\"wp-block-uagb-image alignleft uagb-block-2675d6b0 wp-block-uagb-image--layout-default wp-block-uagb-image--effect-static wp-block-uagb-image--align-left\"><figure class=\"wp-block-uagb-image__figure\"><img decoding=\"async\" srcset=\"https:\/\/planethrc.org\/wp-content\/uploads\/2024\/07\/Imagen-de-WhatsApp-2024-06-21-a-las-10.10.33_4dae01c1-768x1024.jpg ,https:\/\/planethrc.org\/wp-content\/uploads\/2024\/07\/Imagen-de-WhatsApp-2024-06-21-a-las-10.10.33_4dae01c1.jpg 780w, https:\/\/planethrc.org\/wp-content\/uploads\/2024\/07\/Imagen-de-WhatsApp-2024-06-21-a-las-10.10.33_4dae01c1.jpg 360w\" sizes=\"auto, (max-width: 480px) 150px\" src=\"https:\/\/planethrc.org\/wp-content\/uploads\/2024\/07\/Imagen-de-WhatsApp-2024-06-21-a-las-10.10.33_4dae01c1-768x1024.jpg\" alt=\"\" class=\"uag-image-2313\" width=\"373\" height=\"464\" title=\"Imagen de WhatsApp 2024-06-21 a las 10.10.33_4dae01c1\" loading=\"lazy\" role=\"img\"\/><\/figure><\/div>\n\n\n\n<div class=\"wp-block-uagb-advanced-heading uagb-block-8f982c10\"><h3 class=\"uagb-heading-text\"><a href=\"https:\/\/planethrc.org\/es\/services\/facilities\/\" title=\"\">Instalaciones<\/a><\/h3><p class=\"uagb-desc-text\">Explora las instalaciones donde podr\u00e1s realizar tu investigaci\u00f3n. <\/p><\/div>\n<\/div>\n<\/div>\n<\/div><\/div>\n\n\n\n<div class=\"wp-block-uagb-container uagb-layout-grid uagb-block-0186287e alignfull uagb-is-root-container\"><div class=\"uagb-container-inner-blocks-wrap\">\n<div class=\"wp-block-uagb-info-box uagb-block-03550eeb uagb-infobox__content-wrap  uagb-infobox-icon-above-title uagb-infobox-image-valign-top wp-block-uagb-info-box--has-margin\"><div class=\"uagb-infobox-margin-wrapper\"><div class=\"uagb-ifb-content\"><div class=\"uagb-ifb-title-wrap\"><span class=\"uagb-ifb-title-prefix\">Sobre Nosotros<\/span><h4 class=\"uagb-ifb-title\">\u00bfQu\u00e9 es el PlanetHRC?<\/h4><\/div><p class=\"uagb-ifb-desc\">Localizado en el Complejo Hospitalario del Hospital Franklin Tello, el Planetary Health Research Center Manuel Amunarriz se fund\u00f3 con el objetivo de investigar y abordar problemas de salud global.<\/p><div class=\"uagb-ifb-button-wrapper wp-block-button\"><a href=\"https:\/\/planethrc.org\/es\/about-us\/\" class=\"uagb-infobox-cta-link wp-block-button__link\" target=\"_self\" rel=\"noopener noreferrer\" onclick=\"return true;\"><span class=\"uagb-inline-editing\">Descubre M\u00e1s<\/span><\/a><\/div><\/div><\/div><\/div>\n\n\n\n<div class=\"wp-block-uagb-image alignright uagb-block-37933192 wp-block-uagb-image--layout-default wp-block-uagb-image--effect-static wp-block-uagb-image--align-right\"><figure class=\"wp-block-uagb-image__figure\"><img decoding=\"async\" srcset=\"https:\/\/planethrc.org\/wp-content\/uploads\/2024\/07\/IMG_5437-1024x768.jpg ,https:\/\/planethrc.org\/wp-content\/uploads\/2024\/07\/IMG_5437-scaled.jpg 780w, https:\/\/planethrc.org\/wp-content\/uploads\/2024\/07\/IMG_5437-scaled.jpg 360w\" sizes=\"auto, (max-width: 480px) 150px\" src=\"https:\/\/planethrc.org\/wp-content\/uploads\/2024\/07\/IMG_5437-1024x768.jpg\" alt=\"\" class=\"uag-image-2307\" width=\"1024\" height=\"768\" title=\"IMG_5437\" loading=\"lazy\" role=\"img\"\/><\/figure><\/div>\n<\/div><\/div>\n\n\n\n<div class=\"wp-block-uagb-container uagb-block-05a4a518 alignfull uagb-is-root-container\"><div class=\"uagb-container-inner-blocks-wrap\">\n<div class=\"wp-block-uagb-info-box uagb-block-b55c80b3 uagb-infobox__content-wrap  uagb-infobox-icon-above-title uagb-infobox-image-valign-top\"><div class=\"uagb-ifb-content\"><div class=\"uagb-ifb-title-wrap\"><h3 class=\"uagb-ifb-title\">Alguna Pregunta?<\/h3><\/div><p class=\"uagb-ifb-desc\">Tanto si quieres conocer mas sobre nuestras \u00e1reas de investigaci\u00f3n, qui\u00e9res saber d\u00f3nde estamos o est\u00e1s planeando realizar una estancia con nostros, estamos aqu\u00ed para responder cualquier pregunta.<\/p><\/div><\/div>\n\n\n\n<div class=\"wp-block-uagb-buttons uagb-buttons__outer-wrap uagb-btn__default-btn uagb-btn-tablet__default-btn uagb-btn-mobile__default-btn uagb-block-f921176a\"><div class=\"uagb-buttons__wrap uagb-buttons-layout-wrap\">\n<div class=\"wp-block-uagb-buttons-child uagb-buttons__outer-wrap uagb-block-6b4ebc3b wp-block-button\"><div class=\"uagb-button__wrapper\"><a class=\"uagb-buttons-repeater wp-block-button__link\" aria-label=\"\" href=\"https:\/\/planethrc.org\/es\/contact\/\" rel=\"follow noopener\" target=\"_self\" role=\"button\"><div class=\"uagb-button__link\">Haznos cualquier pregunta<\/div><\/a><\/div><\/div>\n<\/div><\/div>\n\n\n\n<div class=\"wp-block-uagb-container uagb-block-ad739266\"><\/div>\n<\/div><\/div>\n\n\n\n<p><\/p>","protected":false},"excerpt":{"rendered":"<p>Important Messages Our Services Bureaucracy Count on us to sort out the bureaucratic aspects for your research in Ecuador. Lodging and Meals We provide lodging and meals at Nuevo Rocafuerte. Facilities Explore the facilities where you will be able to carry out your research.<\/p>","protected":false},"author":1,"featured_media":0,"parent":0,"menu_order":0,"comment_status":"closed","ping_status":"closed","template":"","meta":{"_uag_custom_page_level_css":"","_monsterinsights_skip_tracking":false,"_monsterinsights_sitenote_active":false,"_monsterinsights_sitenote_note":"","_monsterinsights_sitenote_category":0,"site-sidebar-layout":"no-sidebar","site-content-layout":"page-builder","ast-site-content-layout":"full-width-container","site-content-style":"unboxed","site-sidebar-style":"unboxed","ast-global-header-display":"","ast-banner-title-visibility":"","ast-main-header-display":"","ast-hfb-above-header-display":"","ast-hfb-below-header-display":"","ast-hfb-mobile-header-display":"","site-post-title":"disabled","ast-breadcrumbs-content":"","ast-featured-img":"disabled","footer-sml-layout":"","theme-transparent-header-meta":"enabled","adv-header-id-meta":"","stick-header-meta":"","header-above-stick-meta":"","header-main-stick-meta":"","header-below-stick-meta":"","astra-migrate-meta-layouts":"set","ast-page-background-enabled":"default","ast-page-background-meta":{"desktop":{"background-color":"var(--ast-global-color-4)","background-image":"","background-repeat":"repeat","background-position":"center center","background-size":"auto","background-attachment":"scroll","background-type":"","background-media":"","overlay-type":"","overlay-color":"","overlay-opacity":"","overlay-gradient":""},"tablet":{"background-color":"","background-image":"","background-repeat":"repeat","background-position":"center center","background-size":"auto","background-attachment":"scroll","background-type":"","background-media":"","overlay-type":"","overlay-color":"","overlay-opacity":"","overlay-gradient":""},"mobile":{"background-color":"","background-image":"","background-repeat":"repeat","background-position":"center center","background-size":"auto","background-attachment":"scroll","background-type":"","background-media":"","overlay-type":"","overlay-color":"","overlay-opacity":"","overlay-gradient":""}},"ast-content-background-meta":{"desktop":{"background-color":"var(--ast-global-color-5)","background-image":"","background-repeat":"repeat","background-position":"center center","background-size":"auto","background-attachment":"scroll","background-type":"","background-media":"","overlay-type":"","overlay-color":"","overlay-opacity":"","overlay-gradient":""},"tablet":{"background-color":"var(--ast-global-color-5)","background-image":"","background-repeat":"repeat","background-position":"center center","background-size":"auto","background-attachment":"scroll","background-type":"","background-media":"","overlay-type":"","overlay-color":"","overlay-opacity":"","overlay-gradient":""},"mobile":{"background-color":"var(--ast-global-color-5)","background-image":"","background-repeat":"repeat","background-position":"center center","background-size":"auto","background-attachment":"scroll","background-type":"","background-media":"","overlay-type":"","overlay-color":"","overlay-opacity":"","overlay-gradient":""}},"footnotes":""},"class_list":["post-1322","page","type-page","status-publish","hentry"],"aioseo_notices":[],"uagb_featured_image_src":{"full":false,"thumbnail":false,"medium":false,"medium_large":false,"large":false,"1536x1536":false,"2048x2048":false,"trp-custom-language-flag":false},"uagb_author_info":{"display_name":"ta@fundacionpondera.org","author_link":"https:\/\/planethrc.org\/es\/author\/tafundacionpondera-org\/"},"uagb_comment_info":0,"uagb_excerpt":"Important Messages Our Services Bureaucracy Count on us to sort out the bureaucratic aspects for your research in Ecuador. Lodging and Meals We provide lodging and meals at Nuevo Rocafuerte. Facilities Explore the facilities where you will be able to carry out your research.","_links":{"self":[{"href":"https:\/\/planethrc.org\/es\/wp-json\/wp\/v2\/pages\/1322","targetHints":{"allow":["GET"]}}],"collection":[{"href":"https:\/\/planethrc.org\/es\/wp-json\/wp\/v2\/pages"}],"about":[{"href":"https:\/\/planethrc.org\/es\/wp-json\/wp\/v2\/types\/page"}],"author":[{"embeddable":true,"href":"https:\/\/planethrc.org\/es\/wp-json\/wp\/v2\/users\/1"}],"replies":[{"embeddable":true,"href":"https:\/\/planethrc.org\/es\/wp-json\/wp\/v2\/comments?post=1322"}],"version-history":[{"count":33,"href":"https:\/\/planethrc.org\/es\/wp-json\/wp\/v2\/pages\/1322\/revisions"}],"predecessor-version":[{"id":2603,"href":"https:\/\/planethrc.org\/es\/wp-json\/wp\/v2\/pages\/1322\/revisions\/2603"}],"wp:attachment":[{"href":"https:\/\/planethrc.org\/es\/wp-json\/wp\/v2\/media?parent=1322"}],"curies":[{"name":"wp","href":"https:\/\/api.w.org\/{rel}","templated":true}]}}